{"id":2603,"date":"2024-11-20T12:25:45","date_gmt":"2024-11-20T11:25:45","guid":{"rendered":"https:\/\/luxosarts.com\/produkt\/zbigniew-cebula-apokalipsa\/"},"modified":"2024-11-20T12:25:45","modified_gmt":"2024-11-20T11:25:45","slug":"zbigniew-cebula-apokalipsa","status":"publish","type":"product","link":"https:\/\/luxosarts.com\/en\/produkt\/zbigniew-cebula-apokalipsa\/","title":{"rendered":"Zbigniew Cebula APOKALIPSA"},"content":{"rendered":"<p><b>Zbigniew Cebula <\/b>urodzi\u0142 <span style=\"font-weight: 400;\">w 1961 roku w Krakowie, jest polskim malarzem i pedagogiem. W latach 1988\u20131993 studiowa\u0142 na Wydziale Malarstwa Akademii Sztuk Pi\u0119knych w Krakowie, gdzie uzyska\u0142 dyplom w pracowni prof. Jana Szancenbacha.\u00a0<\/span><\/p>\n<p><span style=\"font-weight: 400;\">Tw\u00f3rczo\u015b\u0107 Cebuli charakteryzuje si\u0119 malarstwem sztalugowym, cz\u0119sto realizowanym w formie cykli tematycznych. Jego prace wyr\u00f3\u017cniaj\u0105 si\u0119 nawarstwieniem plan\u00f3w przestrzennych i strukturalnych, z intensywnymi, g\u0119stymi i chropowatymi fakturami. W zgaszonych gamach kolorystycznych pojawiaj\u0105 si\u0119 gwa\u0142towne akcenty chromatyczne, a ca\u0142o\u015b\u0107 kompozycji podporz\u0105dkowana jest rygorowi bezwzgl\u0119dnej konstrukcji. (Grafika)<\/span><\/p>\n<p><span style=\"font-weight: 400;\">Artysta czerpie inspiracje z Biblii, poezji, kultury, przyrody oraz w\u0142asnej i rodzinnej historii. Bliska jest mu metafora i sk\u0142onno\u015b\u0107 do osobistych symboli, co nadaje jego pracom wielowarstwowo\u015b\u0107 zar\u00f3wno w sferze idei, jak i struktury materii malarskiej.\u00a0<\/span><\/p>\n<p><span style=\"font-weight: 400;\">Cebula jest laureatem Nagrody G\u0142\u00f3wnej \u201eZ\u0142otej Ramy\u201d na Salonie Malarstwa i Rze\u017aby ZPAP w 2009 roku oraz Medalu Salonu 100-lecia ZPAP Okr\u0119gu Krakowskiego w 2011 roku. (BWA Ostrowiec) Jego prace by\u0142y prezentowane na licznych wystawach indywidualnych i zbiorowych w Polsce i za granic\u0105, m.in. w Krakowie, Kielcach, Kownie, Grafing k. Monachium oraz Ostrowcu \u015awi\u0119tokrzyskim.\u00a0<\/span><\/p>\n<p><span style=\"font-weight: 400;\">Tw\u00f3rczo\u015b\u0107 Zbigniewa Cebuli jest ceniona za g\u0142\u0119bi\u0119 przekazu oraz unikalny styl, \u0142\u0105cz\u0105cy tradycj\u0119 z nowoczesno\u015bci\u0105.<\/span><\/p>\n","protected":false},"excerpt":{"rendered":"<p>Autor: Zbigniew Cebula<\/p>\n<p>Tytu\u0142: APOKALIPSA<\/p>\n<p>Wymiary: 150\u00d7130 cm<\/p>\n<p>Olej na p\u0142\u00f3tnie<\/p>\n","protected":false},"featured_media":2605,"template":"","meta":{"_acf_changed":false},"product_brand":[],"product_cat":[203,202],"product_tag":[205,204],"class_list":{"0":"post-2603","1":"product","2":"type-product","3":"status-publish","4":"has-post-thumbnail","6":"product_cat-art-and-accessories","7":"product_cat-pictures","8":"product_tag-art","9":"product_tag-picture","11":"first","12":"instock","13":"shipping-taxable","14":"purchasable","15":"product-type-simple"},"acf":[],"yoast_head":"<!-- This site is optimized with the Yoast SEO plugin v27.3 - https:\/\/yoast.com\/product\/yoast-seo-wordpress\/ -->\n<title>Zbigniew Cebula APOKALIPSA - Luxos Arts<\/title>\n<meta name=\"robots\" content=\"index, follow, max-snippet:-1, max-image-preview:large, max-video-preview:-1\" \/>\n<link rel=\"canonical\" href=\"https:\/\/luxosarts.com\/en\/produkt\/zbigniew-cebula-apokalipsa\/\" \/>\n<meta property=\"og:locale\" content=\"en_US\" \/>\n<meta property=\"og:type\" content=\"article\" \/>\n<meta property=\"og:title\" content=\"Zbigniew Cebula APOKALIPSA - Luxos Arts\" \/>\n<meta property=\"og:description\" content=\"Autor: Zbigniew Cebula  Tytu\u0142: APOKALIPSA  Wymiary: 150\u00d7130 cm  Olej na p\u0142\u00f3tnie\" \/>\n<meta property=\"og:url\" content=\"https:\/\/luxosarts.com\/en\/produkt\/zbigniew-cebula-apokalipsa\/\" \/>\n<meta property=\"og:site_name\" content=\"Luxos Arts\" \/>\n<meta property=\"og:image\" content=\"https:\/\/luxosarts.com\/wp-content\/uploads\/2024\/11\/IMG_1544-2-Photoroom-1-1.jpg\" \/>\n\t<meta property=\"og:image:width\" content=\"1500\" \/>\n\t<meta property=\"og:image:height\" content=\"2000\" \/>\n\t<meta property=\"og:image:type\" content=\"image\/jpeg\" \/>\n<meta name=\"twitter:card\" content=\"summary_large_image\" \/>\n<meta name=\"twitter:label1\" content=\"Est. reading time\" \/>\n\t<meta name=\"twitter:data1\" content=\"1 minute\" \/>\n<script type=\"application\/ld+json\" class=\"yoast-schema-graph\">{\"@context\":\"https:\\\/\\\/schema.org\",\"@graph\":[{\"@type\":\"WebPage\",\"@id\":\"https:\\\/\\\/luxosarts.com\\\/en\\\/produkt\\\/zbigniew-cebula-apokalipsa\\\/\",\"url\":\"https:\\\/\\\/luxosarts.com\\\/en\\\/produkt\\\/zbigniew-cebula-apokalipsa\\\/\",\"name\":\"Zbigniew Cebula APOKALIPSA - Luxos Arts\",\"isPartOf\":{\"@id\":\"https:\\\/\\\/luxosarts.com\\\/en\\\/#website\"},\"primaryImageOfPage\":{\"@id\":\"https:\\\/\\\/luxosarts.com\\\/en\\\/produkt\\\/zbigniew-cebula-apokalipsa\\\/#primaryimage\"},\"image\":{\"@id\":\"https:\\\/\\\/luxosarts.com\\\/en\\\/produkt\\\/zbigniew-cebula-apokalipsa\\\/#primaryimage\"},\"thumbnailUrl\":\"https:\\\/\\\/luxosarts.com\\\/wp-content\\\/uploads\\\/2024\\\/11\\\/IMG_1544-2-Photoroom-1-1.jpg\",\"datePublished\":\"2024-11-20T11:25:45+00:00\",\"breadcrumb\":{\"@id\":\"https:\\\/\\\/luxosarts.com\\\/en\\\/produkt\\\/zbigniew-cebula-apokalipsa\\\/#breadcrumb\"},\"inLanguage\":\"en-US\",\"potentialAction\":[{\"@type\":\"ReadAction\",\"target\":[\"https:\\\/\\\/luxosarts.com\\\/en\\\/produkt\\\/zbigniew-cebula-apokalipsa\\\/\"]}]},{\"@type\":\"ImageObject\",\"inLanguage\":\"en-US\",\"@id\":\"https:\\\/\\\/luxosarts.com\\\/en\\\/produkt\\\/zbigniew-cebula-apokalipsa\\\/#primaryimage\",\"url\":\"https:\\\/\\\/luxosarts.com\\\/wp-content\\\/uploads\\\/2024\\\/11\\\/IMG_1544-2-Photoroom-1-1.jpg\",\"contentUrl\":\"https:\\\/\\\/luxosarts.com\\\/wp-content\\\/uploads\\\/2024\\\/11\\\/IMG_1544-2-Photoroom-1-1.jpg\",\"width\":1500,\"height\":2000,\"caption\":\"IMG 1544 2 Photoroom (1)\"},{\"@type\":\"BreadcrumbList\",\"@id\":\"https:\\\/\\\/luxosarts.com\\\/en\\\/produkt\\\/zbigniew-cebula-apokalipsa\\\/#breadcrumb\",\"itemListElement\":[{\"@type\":\"ListItem\",\"position\":1,\"name\":\"Luxos Arts\",\"item\":\"https:\\\/\\\/luxosarts.com\\\/en\\\/\"},{\"@type\":\"ListItem\",\"position\":2,\"name\":\"BOUTIQUE\",\"item\":\"https:\\\/\\\/luxosarts.com\\\/en\\\/boutique\\\/\"},{\"@type\":\"ListItem\",\"position\":3,\"name\":\"Zbigniew Cebula APOKALIPSA\"}]},{\"@type\":\"WebSite\",\"@id\":\"https:\\\/\\\/luxosarts.com\\\/en\\\/#website\",\"url\":\"https:\\\/\\\/luxosarts.com\\\/en\\\/\",\"name\":\"Luxos Arts\",\"description\":\"rzeczy pi\u0119kne i luksusowe\",\"publisher\":{\"@id\":\"https:\\\/\\\/luxosarts.com\\\/en\\\/#organization\"},\"potentialAction\":[{\"@type\":\"SearchAction\",\"target\":{\"@type\":\"EntryPoint\",\"urlTemplate\":\"https:\\\/\\\/luxosarts.com\\\/en\\\/?s={search_term_string}\"},\"query-input\":{\"@type\":\"PropertyValueSpecification\",\"valueRequired\":true,\"valueName\":\"search_term_string\"}}],\"inLanguage\":\"en-US\"},{\"@type\":\"Organization\",\"@id\":\"https:\\\/\\\/luxosarts.com\\\/en\\\/#organization\",\"name\":\"Luxos Arts\",\"url\":\"https:\\\/\\\/luxosarts.com\\\/en\\\/\",\"logo\":{\"@type\":\"ImageObject\",\"inLanguage\":\"en-US\",\"@id\":\"https:\\\/\\\/luxosarts.com\\\/en\\\/#\\\/schema\\\/logo\\\/image\\\/\",\"url\":\"https:\\\/\\\/luxosarts.com\\\/wp-content\\\/uploads\\\/2022\\\/09\\\/logo-luxosarts-org.png\",\"contentUrl\":\"https:\\\/\\\/luxosarts.com\\\/wp-content\\\/uploads\\\/2022\\\/09\\\/logo-luxosarts-org.png\",\"width\":1083,\"height\":407,\"caption\":\"Luxos Arts\"},\"image\":{\"@id\":\"https:\\\/\\\/luxosarts.com\\\/en\\\/#\\\/schema\\\/logo\\\/image\\\/\"}}]}<\/script>\n<!-- \/ Yoast SEO plugin. -->","yoast_head_json":{"title":"Zbigniew Cebula APOKALIPSA - Luxos Arts","robots":{"index":"index","follow":"follow","max-snippet":"max-snippet:-1","max-image-preview":"max-image-preview:large","max-video-preview":"max-video-preview:-1"},"canonical":"https:\/\/luxosarts.com\/en\/produkt\/zbigniew-cebula-apokalipsa\/","og_locale":"en_US","og_type":"article","og_title":"Zbigniew Cebula APOKALIPSA - Luxos Arts","og_description":"Autor: Zbigniew Cebula  Tytu\u0142: APOKALIPSA  Wymiary: 150\u00d7130 cm  Olej na p\u0142\u00f3tnie","og_url":"https:\/\/luxosarts.com\/en\/produkt\/zbigniew-cebula-apokalipsa\/","og_site_name":"Luxos Arts","og_image":[{"width":1500,"height":2000,"url":"https:\/\/luxosarts.com\/wp-content\/uploads\/2024\/11\/IMG_1544-2-Photoroom-1-1.jpg","type":"image\/jpeg"}],"twitter_card":"summary_large_image","twitter_misc":{"Est. reading time":"1 minute"},"schema":{"@context":"https:\/\/schema.org","@graph":[{"@type":"WebPage","@id":"https:\/\/luxosarts.com\/en\/produkt\/zbigniew-cebula-apokalipsa\/","url":"https:\/\/luxosarts.com\/en\/produkt\/zbigniew-cebula-apokalipsa\/","name":"Zbigniew Cebula APOKALIPSA - Luxos Arts","isPartOf":{"@id":"https:\/\/luxosarts.com\/en\/#website"},"primaryImageOfPage":{"@id":"https:\/\/luxosarts.com\/en\/produkt\/zbigniew-cebula-apokalipsa\/#primaryimage"},"image":{"@id":"https:\/\/luxosarts.com\/en\/produkt\/zbigniew-cebula-apokalipsa\/#primaryimage"},"thumbnailUrl":"https:\/\/luxosarts.com\/wp-content\/uploads\/2024\/11\/IMG_1544-2-Photoroom-1-1.jpg","datePublished":"2024-11-20T11:25:45+00:00","breadcrumb":{"@id":"https:\/\/luxosarts.com\/en\/produkt\/zbigniew-cebula-apokalipsa\/#breadcrumb"},"inLanguage":"en-US","potentialAction":[{"@type":"ReadAction","target":["https:\/\/luxosarts.com\/en\/produkt\/zbigniew-cebula-apokalipsa\/"]}]},{"@type":"ImageObject","inLanguage":"en-US","@id":"https:\/\/luxosarts.com\/en\/produkt\/zbigniew-cebula-apokalipsa\/#primaryimage","url":"https:\/\/luxosarts.com\/wp-content\/uploads\/2024\/11\/IMG_1544-2-Photoroom-1-1.jpg","contentUrl":"https:\/\/luxosarts.com\/wp-content\/uploads\/2024\/11\/IMG_1544-2-Photoroom-1-1.jpg","width":1500,"height":2000,"caption":"IMG 1544 2 Photoroom (1)"},{"@type":"BreadcrumbList","@id":"https:\/\/luxosarts.com\/en\/produkt\/zbigniew-cebula-apokalipsa\/#breadcrumb","itemListElement":[{"@type":"ListItem","position":1,"name":"Luxos Arts","item":"https:\/\/luxosarts.com\/en\/"},{"@type":"ListItem","position":2,"name":"BOUTIQUE","item":"https:\/\/luxosarts.com\/en\/boutique\/"},{"@type":"ListItem","position":3,"name":"Zbigniew Cebula APOKALIPSA"}]},{"@type":"WebSite","@id":"https:\/\/luxosarts.com\/en\/#website","url":"https:\/\/luxosarts.com\/en\/","name":"Luxos Arts","description":"rzeczy pi\u0119kne i luksusowe","publisher":{"@id":"https:\/\/luxosarts.com\/en\/#organization"},"potentialAction":[{"@type":"SearchAction","target":{"@type":"EntryPoint","urlTemplate":"https:\/\/luxosarts.com\/en\/?s={search_term_string}"},"query-input":{"@type":"PropertyValueSpecification","valueRequired":true,"valueName":"search_term_string"}}],"inLanguage":"en-US"},{"@type":"Organization","@id":"https:\/\/luxosarts.com\/en\/#organization","name":"Luxos Arts","url":"https:\/\/luxosarts.com\/en\/","logo":{"@type":"ImageObject","inLanguage":"en-US","@id":"https:\/\/luxosarts.com\/en\/#\/schema\/logo\/image\/","url":"https:\/\/luxosarts.com\/wp-content\/uploads\/2022\/09\/logo-luxosarts-org.png","contentUrl":"https:\/\/luxosarts.com\/wp-content\/uploads\/2022\/09\/logo-luxosarts-org.png","width":1083,"height":407,"caption":"Luxos Arts"},"image":{"@id":"https:\/\/luxosarts.com\/en\/#\/schema\/logo\/image\/"}}]}},"_links":{"self":[{"href":"https:\/\/luxosarts.com\/en\/wp-json\/wp\/v2\/product\/2603","targetHints":{"allow":["GET"]}}],"collection":[{"href":"https:\/\/luxosarts.com\/en\/wp-json\/wp\/v2\/product"}],"about":[{"href":"https:\/\/luxosarts.com\/en\/wp-json\/wp\/v2\/types\/product"}],"wp:featuredmedia":[{"embeddable":true,"href":"https:\/\/luxosarts.com\/en\/wp-json\/wp\/v2\/media\/2605"}],"wp:attachment":[{"href":"https:\/\/luxosarts.com\/en\/wp-json\/wp\/v2\/media?parent=2603"}],"wp:term":[{"taxonomy":"product_brand","embeddable":true,"href":"https:\/\/luxosarts.com\/en\/wp-json\/wp\/v2\/product_brand?post=2603"},{"taxonomy":"product_cat","embeddable":true,"href":"https:\/\/luxosarts.com\/en\/wp-json\/wp\/v2\/product_cat?post=2603"},{"taxonomy":"product_tag","embeddable":true,"href":"https:\/\/luxosarts.com\/en\/wp-json\/wp\/v2\/product_tag?post=2603"}],"curies":[{"name":"wp","href":"https:\/\/api.w.org\/{rel}","templated":true}]}}