{"id":2593,"date":"2024-11-20T15:11:20","date_gmt":"2024-11-20T14:11:20","guid":{"rendered":"https:\/\/luxosarts.com\/produkt\/tamara-berdowska-bez-nazwy\/"},"modified":"2024-11-20T15:11:20","modified_gmt":"2024-11-20T14:11:20","slug":"tamara-berdowska-bez-nazwy","status":"publish","type":"product","link":"https:\/\/luxosarts.com\/en\/produkt\/tamara-berdowska-bez-nazwy\/","title":{"rendered":"Tamara Berdowska BEZ NAZWY"},"content":{"rendered":"<p><b>Tamara Berdowska <\/b><span style=\"font-weight: 400;\">urodzi\u0142a si\u0119 w 1962 roku w Rzeszowie, polska malarka i autorka instalacji artystycznych, jest znana z abstrakcji geometrycznych. W 1990 roku uko\u0144czy\u0142a Akademi\u0119 Sztuk Pi\u0119knych w Krakowie i uzyska\u0142a dyplom z wyr\u00f3\u017cnieniem pod kierunkiem prof. Janiny Kraupe &#8211; \u015awiderskiej.<\/span><\/p>\n<p><span style=\"font-weight: 400;\">Jej Tw\u00f3rczo\u015b\u0107 charakteryzuje si\u0119 rytmicznie powtarzanymi formami, kt\u00f3re wprowadzaj\u0105 widza w stan medytacyjny. Proces tw\u00f3rczy jest dla artystki form\u0105 mantry, w kt\u00f3rej geometria porz\u0105dkuje chaos.<\/span><\/p>\n<p><span style=\"font-weight: 400;\">Artystka bra\u0142a udzia\u0142 w ponad 100 wystawach zbiorowych oraz 22 indywidualnych, zar\u00f3wno w Polsce, jak i zagranic\u0105. Jej prace znajduj\u0105 si\u0119 w kolekcjach takich instytucji jak Muzeum Narodowe w Szczecinie, Muzeum w Bochum, Galeria Studio w Warszawie, Muzeum Historyczne Miasta Krakowa oraz Mondriaanhuis w Amersfoort. Tw\u00f3rczo\u015b\u0107 Tamary Berdowskiej jest ceniona za oryginalno\u015b\u0107 i g\u0142\u0119bi\u0119.<\/span><\/p>\n","protected":false},"excerpt":{"rendered":"<p>Autor: Tamara Berdowska<\/p>\n<p>Tytu\u0142: Bez nazwy<\/p>\n<p>Wymiary: 130&#215;150 cm<\/p>\n<p>Olej na p\u0142\u00f3tnie<\/p>\n","protected":false},"featured_media":2595,"template":"","meta":{"_acf_changed":false},"product_brand":[],"product_cat":[203,202],"product_tag":[205,204],"class_list":{"0":"post-2593","1":"product","2":"type-product","3":"status-publish","4":"has-post-thumbnail","6":"product_cat-art-and-accessories","7":"product_cat-pictures","8":"product_tag-art","9":"product_tag-picture","11":"first","12":"instock","13":"shipping-taxable","14":"purchasable","15":"product-type-simple"},"acf":[],"yoast_head":"<!-- This site is optimized with the Yoast SEO plugin v27.3 - https:\/\/yoast.com\/product\/yoast-seo-wordpress\/ -->\n<title>Tamara Berdowska BEZ NAZWY - Luxos Arts<\/title>\n<meta name=\"robots\" content=\"index, follow, max-snippet:-1, max-image-preview:large, max-video-preview:-1\" \/>\n<link rel=\"canonical\" href=\"https:\/\/luxosarts.com\/en\/produkt\/tamara-berdowska-bez-nazwy\/\" \/>\n<meta property=\"og:locale\" content=\"en_US\" \/>\n<meta property=\"og:type\" content=\"article\" \/>\n<meta property=\"og:title\" content=\"Tamara Berdowska BEZ NAZWY - Luxos Arts\" \/>\n<meta property=\"og:description\" content=\"Autor: Tamara Berdowska  Tytu\u0142: Bez nazwy  Wymiary: 130x150 cm  Olej na p\u0142\u00f3tnie\" \/>\n<meta property=\"og:url\" content=\"https:\/\/luxosarts.com\/en\/produkt\/tamara-berdowska-bez-nazwy\/\" \/>\n<meta property=\"og:site_name\" content=\"Luxos Arts\" \/>\n<meta property=\"og:image\" content=\"https:\/\/luxosarts.com\/wp-content\/uploads\/2024\/11\/IMG_1971-Photoroom-Photoroom.jpg\" \/>\n\t<meta property=\"og:image:width\" content=\"1500\" \/>\n\t<meta property=\"og:image:height\" content=\"2000\" \/>\n\t<meta property=\"og:image:type\" content=\"image\/jpeg\" \/>\n<meta name=\"twitter:card\" content=\"summary_large_image\" \/>\n<meta name=\"twitter:label1\" content=\"Est. reading time\" \/>\n\t<meta name=\"twitter:data1\" content=\"1 minute\" \/>\n<script type=\"application\/ld+json\" class=\"yoast-schema-graph\">{\"@context\":\"https:\\\/\\\/schema.org\",\"@graph\":[{\"@type\":\"WebPage\",\"@id\":\"https:\\\/\\\/luxosarts.com\\\/en\\\/produkt\\\/tamara-berdowska-bez-nazwy\\\/\",\"url\":\"https:\\\/\\\/luxosarts.com\\\/en\\\/produkt\\\/tamara-berdowska-bez-nazwy\\\/\",\"name\":\"Tamara Berdowska BEZ NAZWY - Luxos Arts\",\"isPartOf\":{\"@id\":\"https:\\\/\\\/luxosarts.com\\\/en\\\/#website\"},\"primaryImageOfPage\":{\"@id\":\"https:\\\/\\\/luxosarts.com\\\/en\\\/produkt\\\/tamara-berdowska-bez-nazwy\\\/#primaryimage\"},\"image\":{\"@id\":\"https:\\\/\\\/luxosarts.com\\\/en\\\/produkt\\\/tamara-berdowska-bez-nazwy\\\/#primaryimage\"},\"thumbnailUrl\":\"https:\\\/\\\/luxosarts.com\\\/wp-content\\\/uploads\\\/2024\\\/11\\\/IMG_1971-Photoroom-Photoroom.jpg\",\"datePublished\":\"2024-11-20T14:11:20+00:00\",\"breadcrumb\":{\"@id\":\"https:\\\/\\\/luxosarts.com\\\/en\\\/produkt\\\/tamara-berdowska-bez-nazwy\\\/#breadcrumb\"},\"inLanguage\":\"en-US\",\"potentialAction\":[{\"@type\":\"ReadAction\",\"target\":[\"https:\\\/\\\/luxosarts.com\\\/en\\\/produkt\\\/tamara-berdowska-bez-nazwy\\\/\"]}]},{\"@type\":\"ImageObject\",\"inLanguage\":\"en-US\",\"@id\":\"https:\\\/\\\/luxosarts.com\\\/en\\\/produkt\\\/tamara-berdowska-bez-nazwy\\\/#primaryimage\",\"url\":\"https:\\\/\\\/luxosarts.com\\\/wp-content\\\/uploads\\\/2024\\\/11\\\/IMG_1971-Photoroom-Photoroom.jpg\",\"contentUrl\":\"https:\\\/\\\/luxosarts.com\\\/wp-content\\\/uploads\\\/2024\\\/11\\\/IMG_1971-Photoroom-Photoroom.jpg\",\"width\":1500,\"height\":2000,\"caption\":\"IMG 1971 Photoroom Photoroom\"},{\"@type\":\"BreadcrumbList\",\"@id\":\"https:\\\/\\\/luxosarts.com\\\/en\\\/produkt\\\/tamara-berdowska-bez-nazwy\\\/#breadcrumb\",\"itemListElement\":[{\"@type\":\"ListItem\",\"position\":1,\"name\":\"Luxos Arts\",\"item\":\"https:\\\/\\\/luxosarts.com\\\/en\\\/\"},{\"@type\":\"ListItem\",\"position\":2,\"name\":\"BOUTIQUE\",\"item\":\"https:\\\/\\\/luxosarts.com\\\/en\\\/boutique\\\/\"},{\"@type\":\"ListItem\",\"position\":3,\"name\":\"Tamara Berdowska BEZ NAZWY\"}]},{\"@type\":\"WebSite\",\"@id\":\"https:\\\/\\\/luxosarts.com\\\/en\\\/#website\",\"url\":\"https:\\\/\\\/luxosarts.com\\\/en\\\/\",\"name\":\"Luxos Arts\",\"description\":\"rzeczy pi\u0119kne i luksusowe\",\"publisher\":{\"@id\":\"https:\\\/\\\/luxosarts.com\\\/en\\\/#organization\"},\"potentialAction\":[{\"@type\":\"SearchAction\",\"target\":{\"@type\":\"EntryPoint\",\"urlTemplate\":\"https:\\\/\\\/luxosarts.com\\\/en\\\/?s={search_term_string}\"},\"query-input\":{\"@type\":\"PropertyValueSpecification\",\"valueRequired\":true,\"valueName\":\"search_term_string\"}}],\"inLanguage\":\"en-US\"},{\"@type\":\"Organization\",\"@id\":\"https:\\\/\\\/luxosarts.com\\\/en\\\/#organization\",\"name\":\"Luxos Arts\",\"url\":\"https:\\\/\\\/luxosarts.com\\\/en\\\/\",\"logo\":{\"@type\":\"ImageObject\",\"inLanguage\":\"en-US\",\"@id\":\"https:\\\/\\\/luxosarts.com\\\/en\\\/#\\\/schema\\\/logo\\\/image\\\/\",\"url\":\"https:\\\/\\\/luxosarts.com\\\/wp-content\\\/uploads\\\/2022\\\/09\\\/logo-luxosarts-org.png\",\"contentUrl\":\"https:\\\/\\\/luxosarts.com\\\/wp-content\\\/uploads\\\/2022\\\/09\\\/logo-luxosarts-org.png\",\"width\":1083,\"height\":407,\"caption\":\"Luxos Arts\"},\"image\":{\"@id\":\"https:\\\/\\\/luxosarts.com\\\/en\\\/#\\\/schema\\\/logo\\\/image\\\/\"}}]}<\/script>\n<!-- \/ Yoast SEO plugin. -->","yoast_head_json":{"title":"Tamara Berdowska BEZ NAZWY - Luxos Arts","robots":{"index":"index","follow":"follow","max-snippet":"max-snippet:-1","max-image-preview":"max-image-preview:large","max-video-preview":"max-video-preview:-1"},"canonical":"https:\/\/luxosarts.com\/en\/produkt\/tamara-berdowska-bez-nazwy\/","og_locale":"en_US","og_type":"article","og_title":"Tamara Berdowska BEZ NAZWY - Luxos Arts","og_description":"Autor: Tamara Berdowska  Tytu\u0142: Bez nazwy  Wymiary: 130x150 cm  Olej na p\u0142\u00f3tnie","og_url":"https:\/\/luxosarts.com\/en\/produkt\/tamara-berdowska-bez-nazwy\/","og_site_name":"Luxos Arts","og_image":[{"width":1500,"height":2000,"url":"https:\/\/luxosarts.com\/wp-content\/uploads\/2024\/11\/IMG_1971-Photoroom-Photoroom.jpg","type":"image\/jpeg"}],"twitter_card":"summary_large_image","twitter_misc":{"Est. reading time":"1 minute"},"schema":{"@context":"https:\/\/schema.org","@graph":[{"@type":"WebPage","@id":"https:\/\/luxosarts.com\/en\/produkt\/tamara-berdowska-bez-nazwy\/","url":"https:\/\/luxosarts.com\/en\/produkt\/tamara-berdowska-bez-nazwy\/","name":"Tamara Berdowska BEZ NAZWY - Luxos Arts","isPartOf":{"@id":"https:\/\/luxosarts.com\/en\/#website"},"primaryImageOfPage":{"@id":"https:\/\/luxosarts.com\/en\/produkt\/tamara-berdowska-bez-nazwy\/#primaryimage"},"image":{"@id":"https:\/\/luxosarts.com\/en\/produkt\/tamara-berdowska-bez-nazwy\/#primaryimage"},"thumbnailUrl":"https:\/\/luxosarts.com\/wp-content\/uploads\/2024\/11\/IMG_1971-Photoroom-Photoroom.jpg","datePublished":"2024-11-20T14:11:20+00:00","breadcrumb":{"@id":"https:\/\/luxosarts.com\/en\/produkt\/tamara-berdowska-bez-nazwy\/#breadcrumb"},"inLanguage":"en-US","potentialAction":[{"@type":"ReadAction","target":["https:\/\/luxosarts.com\/en\/produkt\/tamara-berdowska-bez-nazwy\/"]}]},{"@type":"ImageObject","inLanguage":"en-US","@id":"https:\/\/luxosarts.com\/en\/produkt\/tamara-berdowska-bez-nazwy\/#primaryimage","url":"https:\/\/luxosarts.com\/wp-content\/uploads\/2024\/11\/IMG_1971-Photoroom-Photoroom.jpg","contentUrl":"https:\/\/luxosarts.com\/wp-content\/uploads\/2024\/11\/IMG_1971-Photoroom-Photoroom.jpg","width":1500,"height":2000,"caption":"IMG 1971 Photoroom Photoroom"},{"@type":"BreadcrumbList","@id":"https:\/\/luxosarts.com\/en\/produkt\/tamara-berdowska-bez-nazwy\/#breadcrumb","itemListElement":[{"@type":"ListItem","position":1,"name":"Luxos Arts","item":"https:\/\/luxosarts.com\/en\/"},{"@type":"ListItem","position":2,"name":"BOUTIQUE","item":"https:\/\/luxosarts.com\/en\/boutique\/"},{"@type":"ListItem","position":3,"name":"Tamara Berdowska BEZ NAZWY"}]},{"@type":"WebSite","@id":"https:\/\/luxosarts.com\/en\/#website","url":"https:\/\/luxosarts.com\/en\/","name":"Luxos Arts","description":"rzeczy pi\u0119kne i luksusowe","publisher":{"@id":"https:\/\/luxosarts.com\/en\/#organization"},"potentialAction":[{"@type":"SearchAction","target":{"@type":"EntryPoint","urlTemplate":"https:\/\/luxosarts.com\/en\/?s={search_term_string}"},"query-input":{"@type":"PropertyValueSpecification","valueRequired":true,"valueName":"search_term_string"}}],"inLanguage":"en-US"},{"@type":"Organization","@id":"https:\/\/luxosarts.com\/en\/#organization","name":"Luxos Arts","url":"https:\/\/luxosarts.com\/en\/","logo":{"@type":"ImageObject","inLanguage":"en-US","@id":"https:\/\/luxosarts.com\/en\/#\/schema\/logo\/image\/","url":"https:\/\/luxosarts.com\/wp-content\/uploads\/2022\/09\/logo-luxosarts-org.png","contentUrl":"https:\/\/luxosarts.com\/wp-content\/uploads\/2022\/09\/logo-luxosarts-org.png","width":1083,"height":407,"caption":"Luxos Arts"},"image":{"@id":"https:\/\/luxosarts.com\/en\/#\/schema\/logo\/image\/"}}]}},"_links":{"self":[{"href":"https:\/\/luxosarts.com\/en\/wp-json\/wp\/v2\/product\/2593","targetHints":{"allow":["GET"]}}],"collection":[{"href":"https:\/\/luxosarts.com\/en\/wp-json\/wp\/v2\/product"}],"about":[{"href":"https:\/\/luxosarts.com\/en\/wp-json\/wp\/v2\/types\/product"}],"wp:featuredmedia":[{"embeddable":true,"href":"https:\/\/luxosarts.com\/en\/wp-json\/wp\/v2\/media\/2595"}],"wp:attachment":[{"href":"https:\/\/luxosarts.com\/en\/wp-json\/wp\/v2\/media?parent=2593"}],"wp:term":[{"taxonomy":"product_brand","embeddable":true,"href":"https:\/\/luxosarts.com\/en\/wp-json\/wp\/v2\/product_brand?post=2593"},{"taxonomy":"product_cat","embeddable":true,"href":"https:\/\/luxosarts.com\/en\/wp-json\/wp\/v2\/product_cat?post=2593"},{"taxonomy":"product_tag","embeddable":true,"href":"https:\/\/luxosarts.com\/en\/wp-json\/wp\/v2\/product_tag?post=2593"}],"curies":[{"name":"wp","href":"https:\/\/api.w.org\/{rel}","templated":true}]}}